{"id":1680,"date":"2021-05-10T09:57:34","date_gmt":"2021-05-10T09:57:34","guid":{"rendered":"http:\/\/www.nicdarkthemes.com\/themes\/seafood\/wp\/demo\/restaurant\/?page_id=1680"},"modified":"2024-02-27T15:54:01","modified_gmt":"2024-02-27T12:54:01","slug":"contact","status":"publish","type":"page","link":"https:\/\/tandzorgantalya.com\/en\/contact\/","title":{"rendered":"Contact"},"content":{"rendered":"<div data-elementor-type=\"wp-page\" data-elementor-id=\"1680\" class=\"elementor elementor-1680\" data-elementor-post-type=\"page\">\n\t\t\t\t\t\t<section class=\"elementor-section elementor-top-section elementor-element elementor-element-e5e0290 elementor-section-stretched elementor-section-content-middle elementor-section-height-min-height elementor-section-items-bottom elementor-section-boxed elementor-section-height-default\" data-id=\"e5e0290\" data-element_type=\"section\" data-settings=\"{&quot;stretch_section&quot;:&quot;section-stretched&quot;,&quot;background_background&quot;:&quot;classic&quot;}\">\n\t\t\t\t\t\t\t<div class=\"elementor-background-overlay\"><\/div>\n\t\t\t\t\t\t\t<div class=\"elementor-container elementor-column-gap-default\">\n\t\t\t\t\t<div class=\"elementor-column elementor-col-100 elementor-top-column elementor-element elementor-element-77176a3\" data-id=\"77176a3\" data-element_type=\"column\">\n\t\t\t<div class=\"elementor-widget-wrap elementor-element-populated\">\n\t\t\t\t\t\t<div class=\"elementor-element elementor-element-10048c1 elementor-widget__width-auto elementor-widget elementor-widget-shortcode\" data-id=\"10048c1\" data-element_type=\"widget\" data-widget_type=\"shortcode.default\">\n\t\t\t\t<div class=\"elementor-widget-container\">\n\t\t\t\t\t<div class=\"elementor-shortcode\"><nav aria-label=\"breadcrumbs\" class=\"rank-math-breadcrumb\"><p><span class=\"last\">Tandzorg Antalya<\/span><\/p><\/nav><\/div>\n\t\t\t\t<\/div>\n\t\t\t\t<\/div>\n\t\t\t\t\t<\/div>\n\t\t<\/div>\n\t\t\t\t\t<\/div>\n\t\t<\/section>\n\t\t\t\t<section class=\"elementor-section elementor-top-section elementor-element elementor-element-2bfe03a5 elementor-section-stretched elementor-section-boxed elementor-section-height-default elementor-section-height-default\" data-id=\"2bfe03a5\" data-element_type=\"section\" data-settings=\"{&quot;stretch_section&quot;:&quot;section-stretched&quot;,&quot;background_background&quot;:&quot;classic&quot;}\">\n\t\t\t\t\t\t\t<div class=\"elementor-background-overlay\"><\/div>\n\t\t\t\t\t\t\t<div class=\"elementor-container elementor-column-gap-default\">\n\t\t\t\t\t<div class=\"elementor-column elementor-col-50 elementor-top-column elementor-element elementor-element-623633c1\" data-id=\"623633c1\" data-element_type=\"column\">\n\t\t\t<div class=\"elementor-widget-wrap elementor-element-populated\">\n\t\t\t\t\t\t<div class=\"elementor-element elementor-element-86b6b77 elementor-align-left elementor-tablet-align-center elementor-widget__width-auto elementor-widget elementor-widget-button\" data-id=\"86b6b77\" data-element_type=\"widget\" data-widget_type=\"button.default\">\n\t\t\t\t<div class=\"elementor-widget-container\">\n\t\t\t\t\t<div class=\"elementor-button-wrapper\">\n\t\t\t<a class=\"elementor-button elementor-size-sm\" role=\"button\">\n\t\t\t\t\t\t<span class=\"elementor-button-content-wrapper\">\n\t\t\t\t\t\t<span class=\"elementor-button-text\">Contact<\/span>\n\t\t<\/span>\n\t\t\t\t\t<\/a>\n\t\t<\/div>\n\t\t\t\t<\/div>\n\t\t\t\t<\/div>\n\t\t\t\t<div class=\"elementor-element elementor-element-a5adff5 elementor-widget elementor-widget-heading\" data-id=\"a5adff5\" data-element_type=\"widget\" data-widget_type=\"heading.default\">\n\t\t\t\t<div class=\"elementor-widget-container\">\n\t\t\t<style>\/*! elementor - v3.19.0 - 07-02-2024 *\/\n.elementor-heading-title{padding:0;margin:0;line-height:1}.elementor-widget-heading .elementor-heading-title[class*=elementor-size-]>a{color:inherit;font-size:inherit;line-height:inherit}.elementor-widget-heading .elementor-heading-title.elementor-size-small{font-size:15px}.elementor-widget-heading .elementor-heading-title.elementor-size-medium{font-size:19px}.elementor-widget-heading .elementor-heading-title.elementor-size-large{font-size:29px}.elementor-widget-heading .elementor-heading-title.elementor-size-xl{font-size:39px}.elementor-widget-heading .elementor-heading-title.elementor-size-xxl{font-size:59px}<\/style><h2 class=\"elementor-heading-title elementor-size-default\">Get in touch<\/h2>\t\t<\/div>\n\t\t\t\t<\/div>\n\t\t\t\t<div class=\"elementor-element elementor-element-59bbda8 elementor-widget elementor-widget-text-editor\" data-id=\"59bbda8\" data-element_type=\"widget\" data-widget_type=\"text-editor.default\">\n\t\t\t\t<div class=\"elementor-widget-container\">\n\t\t\t<style>\/*! elementor - v3.19.0 - 07-02-2024 *\/\n.elementor-widget-text-editor.elementor-drop-cap-view-stacked .elementor-drop-cap{background-color:#69727d;color:#fff}.elementor-widget-text-editor.elementor-drop-cap-view-framed .elementor-drop-cap{color:#69727d;border:3px solid;background-color:transparent}.elementor-widget-text-editor:not(.elementor-drop-cap-view-default) .elementor-drop-cap{margin-top:8px}.elementor-widget-text-editor:not(.elementor-drop-cap-view-default) .elementor-drop-cap-letter{width:1em;height:1em}.elementor-widget-text-editor .elementor-drop-cap{float:left;text-align:center;line-height:1;font-size:50px}.elementor-widget-text-editor .elementor-drop-cap-letter{display:inline-block}<\/style>\t\t\t\t<p>You can get a free examination at our clinic and ask your questions by contacting us. Our expert team members will answer your questions with satisfaction.<\/p>\t\t\t\t\t\t<\/div>\n\t\t\t\t<\/div>\n\t\t\t\t<div class=\"elementor-element elementor-element-6f170d3 elementor-widget elementor-widget-shortcode\" data-id=\"6f170d3\" data-element_type=\"widget\" data-widget_type=\"shortcode.default\">\n\t\t\t\t<div class=\"elementor-widget-container\">\n\t\t\t\t\t<div class=\"elementor-shortcode\">\t\t<div data-elementor-type=\"wp-post\" data-elementor-id=\"13363\" class=\"elementor elementor-13363\" data-elementor-post-type=\"pafe-forms\">\n\t\t\t\t<div class=\"elementor-element elementor-element-5b25db3 e-con-full e-flex e-con e-parent\" data-id=\"5b25db3\" data-element_type=\"container\" data-settings=\"{&quot;content_width&quot;:&quot;full&quot;}\" data-core-v316-plus=\"true\">\n\t\t\t\t<div class=\"elementor-element elementor-element-7ec5279 elementor-widget elementor-widget-pafe-form-builder-field\" data-id=\"7ec5279\" data-element_type=\"widget\" data-widget_type=\"pafe-form-builder-field.default\">\n\t\t\t\t<div class=\"elementor-widget-container\">\n\t\t\t\t\t\r\n\t\t<div class=\"elementor-form-fields-wrapper elementor-labels-above pafe-form-builder-field\">\r\n\t\t\t<div class=\"elementor-field-type-text elementor-field-group elementor-column elementor-field-group-cta-form elementor-col-100 elementor-field-required\">\r\n\t\t\t\t<div data-pafe-form-builder-required><\/div><div class=\"pafe-field-container\"><input size=\"1\" class=\"elementor-field elementor-size-\" type=\"text\" name=\"form_fields[cta-form]\" id=\"form-field-cta-form\" placeholder=\"Name\" autocomplete=\"on\" data-pafe-form-builder-default-value=\"\" value=\"\" data-pafe-form-builder-value=\"\" required=\"required\" aria-required=\"true\" data-pafe-form-builder-form-id=\"1680\"><\/div>\t\t\t<\/div>\r\n\t\t<\/div>\r\n\t\t\t<\/div>\n\t\t\t\t<\/div>\n\t\t\t\t<div class=\"elementor-element elementor-element-d3f155e elementor-widget elementor-widget-pafe-form-builder-field\" data-id=\"d3f155e\" data-element_type=\"widget\" data-widget_type=\"pafe-form-builder-field.default\">\n\t\t\t\t<div class=\"elementor-widget-container\">\n\t\t\t\t\t\r\n\t\t<div class=\"elementor-form-fields-wrapper elementor-labels-above pafe-form-builder-field\">\r\n\t\t\t<div class=\"elementor-field-type-tel elementor-field-group elementor-column elementor-field-group-cta-form elementor-col-100 elementor-field-required\">\r\n\t\t\t\t<div data-pafe-form-builder-required><\/div><div class=\"pafe-field-container\"><input size=\"1\" class=\"elementor-field elementor-size-\" type=\"tel\" name=\"form_fields[cta-form]\" id=\"form-field-cta-form\" placeholder=\"Phone Number\" autocomplete=\"on\" data-pafe-form-builder-default-value=\"\" value=\"\" data-pafe-form-builder-value=\"\" required=\"required\" aria-required=\"true\" data-pafe-form-builder-form-id=\"1680\" pattern=\"[0-9()#&amp;+*\\-.]+\" title=\"Only numbers and phone characters (#, -, *, etc) are accepted.\" data-pafe-tel-field=\"\"><\/div>\t\t\t<\/div>\r\n\t\t<\/div>\r\n\t\t\t<\/div>\n\t\t\t\t<\/div>\n\t\t\t\t<div class=\"elementor-element elementor-element-b1ccc42 elementor-widget elementor-widget-pafe-form-builder-field\" data-id=\"b1ccc42\" data-element_type=\"widget\" data-widget_type=\"pafe-form-builder-field.default\">\n\t\t\t\t<div class=\"elementor-widget-container\">\n\t\t\t\t\t\r\n\t\t<div class=\"elementor-form-fields-wrapper elementor-labels-above pafe-form-builder-field\">\r\n\t\t\t<div class=\"elementor-field-type-email elementor-field-group elementor-column elementor-field-group-cta-form elementor-col-100 elementor-field-required\">\r\n\t\t\t\t<div data-pafe-form-builder-required><\/div><div class=\"pafe-field-container\"><input size=\"1\" class=\"elementor-field elementor-size-\" type=\"email\" name=\"form_fields[cta-form]\" id=\"form-field-cta-form\" placeholder=\"Email\" autocomplete=\"on\" data-pafe-form-builder-default-value=\"\" value=\"\" data-pafe-form-builder-value=\"\" required=\"required\" aria-required=\"true\" data-pafe-form-builder-form-id=\"1680\"><\/div>\t\t\t<\/div>\r\n\t\t<\/div>\r\n\t\t\t<\/div>\n\t\t\t\t<\/div>\n\t\t\t\t<div class=\"elementor-element elementor-element-5e6809e elementor-align-justify elementor-widget elementor-widget-pafe-form-builder-submit\" data-id=\"5e6809e\" data-element_type=\"widget\" data-widget_type=\"pafe-form-builder-submit.default\">\n\t\t\t\t<div class=\"elementor-widget-container\">\n\t\t\t\t\t<input type=\"hidden\" name=\"post_id\" value=\"1680\" data-pafe-form-builder-hidden-form-id=\"1680\"\/>\r\n\t\t<input type=\"hidden\" name=\"form_id\" value=\"5e6809e\" data-pafe-form-builder-hidden-form-id=\"1680\"\/>\r\n\t\t<input type=\"hidden\" name=\"remote_ip\" value=\"216.73.216.131\" data-pafe-form-builder-hidden-form-id=\"1680\"\/>\r\n\r\n\t\t\t\t\t<input type=\"hidden\" name=\"redirect\" value=\"https:\/\/tandzorgantalya.com\/hartelijk-dank\" data-pafe-form-builder-hidden-form-id=\"1680\" data-pafe-form-builder-open-new-tab=\"\"\/>\r\n\t\t\r\n\t\t\r\n\t\t\r\n\t\t\r\n\t\t<div class=\"elementor-button-wrapper\">\r\n\t\t\t<button class=\"elementor-button pafe-form-builder-button elementor-size-sm\" data-pafe-submit-keyboard=\"false\" data-pafe-submit-hide=\"false\" role=\"button\" data-pafe-form-builder-required-text=\"This field is required.\" data-pafe-form-builder-submit-form-id=\"1680\" data-pafe-razor-payment=\"no\" data-pafe-razor-sub=\"no\">\r\n\t\t\t\t\t\t<span class=\"elementor-button-content-wrapper\">\r\n\t\t\t<span class=\"elementor-button-text elementor-form-spinner\"><i class=\"fa fa-spinner fa-spin\"><\/i><\/span>\r\n\t\t\t\t\t\t<span class=\"elementor-button-text\">Vraag een offerte aan!<\/span>\r\n\t\t<\/span>\r\n\t\t\t\t\t<\/button>\r\n\t\t<\/div>\r\n\r\n\t\t\r\n\t\t                \t\t\t\t\t\t\r\n        \r\n        \t\t<div id=\"pafe-form-builder-trigger-success-1680\" data-pafe-form-builder-trigger-success=\"1680\" style=\"display: none\"><\/div>\r\n\t\t<div id=\"pafe-form-builder-trigger-failed-1680\" data-pafe-form-builder-trigger-failed=\"1680\" style=\"display: none\"><\/div>\r\n\t\t<div class=\"pafe-form-builder-alert pafe-form-builder-alert--mail\">\r\n\t\t\t<div class=\"elementor-message elementor-message-success\" role=\"alert\" data-pafe-form-builder-message=\"The form was sent successfully.\">The form was sent successfully.<\/div>\r\n\t\t\t<div class=\"elementor-message elementor-message-danger\" role=\"alert\" data-pafe-form-builder-message=\"An error occured.\">An error occured.<\/div>\r\n\t\t\t<!-- <div class=\"elementor-message elementor-help-inline\" role=\"alert\">Server error. Form not sent.<\/div> -->\r\n\t\t<\/div>\r\n\t\t\t\t\t\t<\/div>\n\t\t\t\t<\/div>\n\t\t\t\t<\/div>\n\t\t\t\t<\/div>\n\t\t<\/div>\n\t\t\t\t<\/div>\n\t\t\t\t<\/div>\n\t\t\t\t\t<\/div>\n\t\t<\/div>\n\t\t\t\t<div class=\"elementor-column elementor-col-50 elementor-top-column elementor-element elementor-element-7daa58be\" data-id=\"7daa58be\" data-element_type=\"column\" data-settings=\"{&quot;background_background&quot;:&quot;classic&quot;}\">\n\t\t\t<div class=\"elementor-widget-wrap elementor-element-populated\">\n\t\t\t\t\t\t<div class=\"elementor-element elementor-element-7caf7cd2 elementor-widget elementor-widget-google_maps\" data-id=\"7caf7cd2\" data-element_type=\"widget\" data-widget_type=\"google_maps.default\">\n\t\t\t\t<div class=\"elementor-widget-container\">\n\t\t\t<style>\/*! elementor - v3.19.0 - 07-02-2024 *\/\n.elementor-widget-google_maps .elementor-widget-container{overflow:hidden}.elementor-widget-google_maps .elementor-custom-embed{line-height:0}.elementor-widget-google_maps iframe{height:300px}<\/style>\t\t<div class=\"elementor-custom-embed\">\n\t\t\t<iframe loading=\"lazy\"\n\t\t\t\t\tsrc=\"https:\/\/maps.google.com\/maps?q=Tandzorg%20Antalya&#038;t=m&#038;z=16&#038;output=embed&#038;iwloc=near\"\n\t\t\t\t\ttitle=\"Tandzorg Antalya\"\n\t\t\t\t\taria-label=\"Tandzorg Antalya\"\n\t\t\t><\/iframe>\n\t\t<\/div>\n\t\t\t\t<\/div>\n\t\t\t\t<\/div>\n\t\t\t\t<section class=\"elementor-section elementor-inner-section elementor-element elementor-element-31b3764 elementor-section-content-middle elementor-section-boxed elementor-section-height-default elementor-section-height-default\" data-id=\"31b3764\" data-element_type=\"section\">\n\t\t\t\t\t\t<div class=\"elementor-container elementor-column-gap-default\">\n\t\t\t\t\t<div class=\"elementor-column elementor-col-50 elementor-inner-column elementor-element elementor-element-3ff8c07f\" data-id=\"3ff8c07f\" data-element_type=\"column\">\n\t\t\t<div class=\"elementor-widget-wrap elementor-element-populated\">\n\t\t\t\t\t\t<div class=\"elementor-element elementor-element-24591c48 elementor-widget elementor-widget-heading\" data-id=\"24591c48\" data-element_type=\"widget\" data-widget_type=\"heading.default\">\n\t\t\t\t<div class=\"elementor-widget-container\">\n\t\t\t<h6 class=\"elementor-heading-title elementor-size-default\">Address:<\/h6>\t\t<\/div>\n\t\t\t\t<\/div>\n\t\t\t\t<div class=\"elementor-element elementor-element-23fa87d elementor-widget elementor-widget-heading\" data-id=\"23fa87d\" data-element_type=\"widget\" data-widget_type=\"heading.default\">\n\t\t\t\t<div class=\"elementor-widget-container\">\n\t\t\t<p class=\"elementor-heading-title elementor-size-default\">Yenig\u00fcn, K\u0131z\u0131l\u0131rmak Cd. A2 Ingang<br>Nr: 22\/2-203 Kantoor Nr: 6, 07310 Muratpa\u015fa, Antalya\/Turkije<\/p>\t\t<\/div>\n\t\t\t\t<\/div>\n\t\t\t\t\t<\/div>\n\t\t<\/div>\n\t\t\t\t<div class=\"elementor-column elementor-col-50 elementor-inner-column elementor-element elementor-element-55d1da02\" data-id=\"55d1da02\" data-element_type=\"column\">\n\t\t\t<div class=\"elementor-widget-wrap elementor-element-populated\">\n\t\t\t\t\t\t<div class=\"elementor-element elementor-element-59016df elementor-widget elementor-widget-heading\" data-id=\"59016df\" data-element_type=\"widget\" data-widget_type=\"heading.default\">\n\t\t\t\t<div class=\"elementor-widget-container\">\n\t\t\t<h6 class=\"elementor-heading-title elementor-size-default\">Phone:<\/h6>\t\t<\/div>\n\t\t\t\t<\/div>\n\t\t\t\t<div class=\"elementor-element elementor-element-af729bd elementor-widget elementor-widget-heading\" data-id=\"af729bd\" data-element_type=\"widget\" data-widget_type=\"heading.default\">\n\t\t\t\t<div class=\"elementor-widget-container\">\n\t\t\t<p class=\"elementor-heading-title elementor-size-default\">+90 530 270 31 07<\/p>\t\t<\/div>\n\t\t\t\t<\/div>\n\t\t\t\t<div class=\"elementor-element elementor-element-65e1776 elementor-widget elementor-widget-heading\" data-id=\"65e1776\" data-element_type=\"widget\" data-widget_type=\"heading.default\">\n\t\t\t\t<div class=\"elementor-widget-container\">\n\t\t\t<h6 class=\"elementor-heading-title elementor-size-default\">E-mail:<\/h6>\t\t<\/div>\n\t\t\t\t<\/div>\n\t\t\t\t<div class=\"elementor-element elementor-element-6554944f elementor-widget elementor-widget-heading\" data-id=\"6554944f\" data-element_type=\"widget\" data-widget_type=\"heading.default\">\n\t\t\t\t<div class=\"elementor-widget-container\">\n\t\t\t<p class=\"elementor-heading-title elementor-size-default\">info@tandzorgantalya.com<\/p>\t\t<\/div>\n\t\t\t\t<\/div>\n\t\t\t\t\t<\/div>\n\t\t<\/div>\n\t\t\t\t\t<\/div>\n\t\t<\/section>\n\t\t\t\t\t<\/div>\n\t\t<\/div>\n\t\t\t\t\t<\/div>\n\t\t<\/section>\n\t\t\t\t<\/div>","protected":false},"excerpt":{"rendered":"<p>Contact Neem contact op Je kunt je gratis laten onderzoeken in onze kliniek en je kunt je vragen stellen door [&hellip;]<\/p>","protected":false},"author":1,"featured_media":0,"parent":0,"menu_order":0,"comment_status":"closed","ping_status":"closed","template":"","meta":{"site-sidebar-layout":"default","site-content-layout":"","ast-site-content-layout":"","site-content-style":"default","site-sidebar-style":"default","ast-global-header-display":"","ast-banner-title-visibility":"","ast-main-header-display":"","ast-hfb-above-header-display":"","ast-hfb-below-header-display":"","ast-hfb-mobile-header-display":"","site-post-title":"","ast-breadcrumbs-content":"","ast-featured-img":"","footer-sml-layout":"","theme-transparent-header-meta":"","adv-header-id-meta":"","stick-header-meta":"","header-above-stick-meta":"","header-main-stick-meta":"","header-below-stick-meta":"","astra-migrate-meta-layouts":"default","ast-page-background-enabled":"default","ast-page-background-meta":{"desktop":{"background-color":"var(--ast-global-color-4)","background-image":"","background-repeat":"repeat","background-position":"center center","background-size":"auto","background-attachment":"scroll","background-type":"","background-media":"","overlay-type":"","overlay-color":"","overlay-gradient":""},"tablet":{"background-color":"","background-image":"","background-repeat":"repeat","background-position":"center center","background-size":"auto","background-attachment":"scroll","background-type":"","background-media":"","overlay-type":"","overlay-color":"","overlay-gradient":""},"mobile":{"background-color":"","background-image":"","background-repeat":"repeat","background-position":"center center","background-size":"auto","background-attachment":"scroll","background-type":"","background-media":"","overlay-type":"","overlay-color":"","overlay-gradient":""}},"ast-content-background-meta":{"desktop":{"background-color":"var(--ast-global-color-5)","background-image":"","background-repeat":"repeat","background-position":"center center","background-size":"auto","background-attachment":"scroll","background-type":"","background-media":"","overlay-type":"","overlay-color":"","overlay-gradient":""},"tablet":{"background-color":"var(--ast-global-color-5)","background-image":"","background-repeat":"repeat","background-position":"center center","background-size":"auto","background-attachment":"scroll","background-type":"","background-media":"","overlay-type":"","overlay-color":"","overlay-gradient":""},"mobile":{"background-color":"var(--ast-global-color-5)","background-image":"","background-repeat":"repeat","background-position":"center center","background-size":"auto","background-attachment":"scroll","background-type":"","background-media":"","overlay-type":"","overlay-color":"","overlay-gradient":""}},"footnotes":""},"_links":{"self":[{"href":"https:\/\/tandzorgantalya.com\/en\/wp-json\/wp\/v2\/pages\/1680"}],"collection":[{"href":"https:\/\/tandzorgantalya.com\/en\/wp-json\/wp\/v2\/pages"}],"about":[{"href":"https:\/\/tandzorgantalya.com\/en\/wp-json\/wp\/v2\/types\/page"}],"author":[{"embeddable":true,"href":"https:\/\/tandzorgantalya.com\/en\/wp-json\/wp\/v2\/users\/1"}],"replies":[{"embeddable":true,"href":"https:\/\/tandzorgantalya.com\/en\/wp-json\/wp\/v2\/comments?post=1680"}],"version-history":[{"count":3,"href":"https:\/\/tandzorgantalya.com\/en\/wp-json\/wp\/v2\/pages\/1680\/revisions"}],"predecessor-version":[{"id":13385,"href":"https:\/\/tandzorgantalya.com\/en\/wp-json\/wp\/v2\/pages\/1680\/revisions\/13385"}],"wp:attachment":[{"href":"https:\/\/tandzorgantalya.com\/en\/wp-json\/wp\/v2\/media?parent=1680"}],"curies":[{"name":"wp","href":"https:\/\/api.w.org\/{rel}","templated":true}]}}